{"id":563,"date":"2016-11-03T14:54:55","date_gmt":"2016-11-03T13:54:55","guid":{"rendered":"http:\/\/www.chateaulagontrie.net\/?page_id=563&#038;lang=en"},"modified":"2016-12-22T09:12:54","modified_gmt":"2016-12-22T08:12:54","slug":"seminar","status":"publish","type":"page","link":"https:\/\/www.chateaulagontrie.net\/en\/seminar\/","title":{"rendered":"Seminar"},"content":{"rendered":"<h4>Journ\u00e9e d&#8217;\u00e9tude : 38 \u20ac TTC par personne (hors repas)<\/h4>\n<h4>\u00a0\u00a0\u00a0\u00a0\u00a0\u00a0\u00a0\u00a0\u00a0\u00a0\u00a0\u00a0\u00a0\u00a0\u00a0\u00a0\u00a0\u00a0\u00a0\u00a0\u00a0\u00a0\u00a0\u00a0\u00a0\u00a0\u00a0\u00a0 -Forfait minimum 15 personnes<\/h4>\n<p style=\"text-align: left;\">&#8211; Salle de r\u00e9union pouvant accueillir 15 \u00e0 20 personnes<\/p>\n<p style=\"text-align: left;\">&#8211; Inclus : 2 pauses caf\u00e9<\/p>\n<p style=\"text-align: left;\">&#8211; Equipement : un t\u00e9l\u00e9viseur LCD grand \u00e9cran, un r\u00e9troprojecteur, un lecteur CD, DVD, et un paper board<\/p>\n<p style=\"text-align: left;\">&#8211; Parc arbor\u00e9 qui se termine au\u00a0\u00a0\u00a0 pied des vignes et cour paysag\u00e9e<br \/>&#8211; une d\u00e9gustation dans le chai de nos 4 vins pouvant aller de 45 minutes \u00e0 1,5H<\/p>\n<p style=\"text-align: justify;\">\u00a0<\/p>\n<h4 style=\"text-align: justify;\"><strong>Salle de r\u00e9union le Relais :<\/strong><\/h4>\n<p style=\"text-align: justify;\">Mise \u00e0 votre disposition pour vos s\u00e9minaires, r\u00e9unions ou colloques, une salle spacieuse et lumineuse pouvant accueillir 15 \u00e0 20 personnes. Elle s\u2019ouvre sur une cour paysag\u00e9e de la propri\u00e9t\u00e9 munie d&#8217;une terrasse<\/p>\n<table border=\"0\">\n<tbody>\n<tr>\n<td><img decoding=\"async\" loading=\"lazy\" class=\" size-full wp-image-18\" src=\"http:\/\/www.chateaulagontrie.net\/wp-content\/uploads\/2016\/12\/Le-Relais-seminaires.jpg\" border=\"0\" alt=\"\" width=\"224\" height=\"145\" \/><\/td>\n<td><img decoding=\"async\" loading=\"lazy\" class=\" size-full wp-image-19\" src=\"http:\/\/www.chateaulagontrie.net\/wp-content\/uploads\/2016\/12\/Le-Relais-facade.jpg\" border=\"0\" alt=\"\" width=\"219\" height=\"145\" \/><\/td>\n<td><img decoding=\"async\" loading=\"lazy\" class=\" size-full wp-image-20\" src=\"http:\/\/www.chateaulagontrie.net\/wp-content\/uploads\/2016\/12\/Etiquettes-rouges-cartons-de-6.jpg\" border=\"0\" alt=\"\" width=\"219\" height=\"145\" \/>\u00a0<\/td>\n<\/tr>\n<\/tbody>\n<\/table>\n<h4 style=\"text-align: justify;\"><strong>Salle de r\u00e9union<\/strong> <strong>le Magnolia :<\/strong><\/h4>\n<p style=\"text-align: justify;\">Mise \u00e0 votre disposition pour vos s\u00e9minaires, r\u00e9unions ou colloques d&#8217;une salle spacieuse et lumineuse pouvant<br \/>accueillir 15 \u00e0 20 personnes ainsi qu&#8217;un large salon pouvant \u00eatre utilis\u00e9 comme salle de d\u00e9jeuner ou showroom si n\u00e9cessaire. Elle s\u2019ouvre sur une jardin d&#8217;un \u00bd hectare qui finit au pied des vignes.<\/p>\n<table border=\"0\">\n<tbody>\n<tr>\n<td><img decoding=\"async\" loading=\"lazy\" class=\" size-full wp-image-21\" src=\"http:\/\/www.chateaulagontrie.net\/wp-content\/uploads\/2016\/12\/magnoliasalleseminaire.jpg\" border=\"0\" alt=\"\" width=\"224\" height=\"145\" \/><\/td>\n<td><img decoding=\"async\" loading=\"lazy\" class=\" size-full wp-image-22\" src=\"http:\/\/www.chateaulagontrie.net\/wp-content\/uploads\/2016\/12\/Magnolia-vue-jardin.jpg\" border=\"0\" alt=\"\" width=\"217\" height=\"145\" \/><\/td>\n<td><img decoding=\"async\" loading=\"lazy\" class=\" size-full wp-image-23\" src=\"http:\/\/www.chateaulagontrie.net\/wp-content\/uploads\/2016\/12\/VIn.jpg\" border=\"0\" alt=\"\" width=\"246\" height=\"145\" \/><\/td>\n<\/tr>\n<\/tbody>\n<\/table>\n<h4 style=\"text-align: justify;\"><strong>\u00a0<\/strong><\/h4>\n<h4 style=\"text-align: justify;\"><strong>Restauration sur place :<\/strong><\/h4>\n<p style=\"text-align: justify;\">&#8211; Plateau repas : <strong>20\u20ac<\/strong>* par personne<br \/>&#8211; Plateau sushis : <strong>24\u20ac<\/strong>* par personne<br \/>&#8211; Repas traiteur : <strong>38\u20ac<\/strong>* par personne servis dans une salle ind\u00e9pendante, un minimum de 20 repas sera factur\u00e9.<br \/>*ces tarifs n&#8217;incluent pas le vin, cependant nous vous proposons de d\u00e9guster les vins de notre propri\u00e9t\u00e9 qui sont du C\u00f4tes de Bordeaux rouge, Bordeaux blanc sec, Bordeaux clairet et Moelleux<\/p>\n<p style=\"text-align: justify;\">\u00a0<\/p>\n<p style=\"text-align: justify;\"><strong>Restaurant :<\/strong><\/p>\n<p style=\"text-align: justify;\">A 5 et 7 minutes en voiture, servie en moins de 1h30 :<br \/>&#8211; <a href=\"http:\/\/www.restaurant-pascald.com\/\" title=\"restaurant Pascal D\">restaurant Pascal D : formule \u00e0 partir de 16\u20ac\u00a0<\/a><\/p>\n<p style=\"text-align: justify;\">&#8211; <a href=\"http:\/\/www.restaurant-le-bellevue.fr\/-decouverte-des-lieux-\" title=\"restaurant le Bellevue\">restaurant le Bellevue : formule express : 15,50\u20ac<\/a><\/p>\n<h4 style=\"text-align: justify;\">Activit\u00e9s<\/h4>\n<p style=\"text-align: justify;\">&#8211; D\u00e9gustation avec Jean-Louis Rives (viticulteur) <strong>dur\u00e9e 45 minutes \u00e0 1h30 <\/strong><br \/>&#8211; D\u00e9couverte et visite guid\u00e9e \u00e0 pied du centre ville de Bordeaux, <strong>dur\u00e9e1 h 30 :<\/strong> <em>8 \u20ac par personne<\/em><br \/>&#8211; Teambuilding : le parc T\u00e9pacap organise des activit\u00e9s d&#8217;accrobranches <br \/>Voir le site :<a href=\"http:\/\/www.tepacap.fr\/\" target=\"_blank\"> Parc T\u00e9pacap<\/a><\/p>\n<h4 style=\"text-align: justify;\">H\u00e9bergement<\/h4>\n<p style=\"text-align: justify;\">&#8211; Possibilit\u00e9 de loger sur place : 9 chambres ou \u00e0 moins de 7 km aux alentours<\/p>\n<p><em>N&#8217;h\u00e9sitez pas \u00e0 nous contacter pour un devis personnalis\u00e9<\/em><\/p>\n<p><em>\u00a0<\/em><\/p>\n","protected":false},"excerpt":{"rendered":"<p>Journ\u00e9e d&#8217;\u00e9tude : 38 \u20ac TTC par personne (hors repas) \u00a0\u00a0\u00a0\u00a0\u00a0\u00a0\u00a0\u00a0\u00a0\u00a0\u00a0\u00a0\u00a0\u00a0\u00a0\u00a0\u00a0\u00a0\u00a0\u00a0\u00a0\u00a0\u00a0\u00a0\u00a0\u00a0\u00a0\u00a0 -Forfait minimum 15 personnes &#8211; Salle de r\u00e9union pouvant accueillir 15 \u00e0 20 personnes &#8211; Inclus : 2 pauses caf\u00e9 &#8211; Equipement : un t\u00e9l\u00e9viseur LCD grand \u00e9cran, un r\u00e9troprojecteur, un lecteur CD, DVD, et un paper board &#8211; Parc arbor\u00e9 qui se termine<\/p>\n","protected":false},"author":1,"featured_media":0,"parent":0,"menu_order":0,"comment_status":"closed","ping_status":"closed","template":"","meta":[],"_links":{"self":[{"href":"https:\/\/www.chateaulagontrie.net\/en\/wp-json\/wp\/v2\/pages\/563"}],"collection":[{"href":"https:\/\/www.chateaulagontrie.net\/en\/wp-json\/wp\/v2\/pages"}],"about":[{"href":"https:\/\/www.chateaulagontrie.net\/en\/wp-json\/wp\/v2\/types\/page"}],"author":[{"embeddable":true,"href":"https:\/\/www.chateaulagontrie.net\/en\/wp-json\/wp\/v2\/users\/1"}],"replies":[{"embeddable":true,"href":"https:\/\/www.chateaulagontrie.net\/en\/wp-json\/wp\/v2\/comments?post=563"}],"version-history":[{"count":3,"href":"https:\/\/www.chateaulagontrie.net\/en\/wp-json\/wp\/v2\/pages\/563\/revisions"}],"predecessor-version":[{"id":848,"href":"https:\/\/www.chateaulagontrie.net\/en\/wp-json\/wp\/v2\/pages\/563\/revisions\/848"}],"wp:attachment":[{"href":"https:\/\/www.chateaulagontrie.net\/en\/wp-json\/wp\/v2\/media?parent=563"}],"curies":[{"name":"wp","href":"https:\/\/api.w.org\/{rel}","templated":true}]}}