{"id":595,"date":"2016-11-03T15:27:59","date_gmt":"2016-11-03T14:27:59","guid":{"rendered":"http:\/\/www.chateaulagontrie.net\/?page_id=595&#038;lang=en"},"modified":"2019-09-20T11:09:41","modified_gmt":"2019-09-20T09:09:41","slug":"wines","status":"publish","type":"page","link":"https:\/\/www.chateaulagontrie.net\/en\/wines\/","title":{"rendered":"Wines"},"content":{"rendered":"<p><center><img decoding=\"async\" loading=\"lazy\" class=\"aligncenter wp-image-991\" src=\"http:\/\/www.chateaulagontrie.net\/wp-content\/uploads\/2017\/10\/6-vins-du-Chateau-La-GONTRIE-2017-Bordeaux-Wines-France.jpg\" alt=\"\" width=\"604\" height=\"391\" srcset=\"https:\/\/www.chateaulagontrie.net\/wp-content\/uploads\/2017\/10\/6-vins-du-Chateau-La-GONTRIE-2017-Bordeaux-Wines-France.jpg 1000w, https:\/\/www.chateaulagontrie.net\/wp-content\/uploads\/2017\/10\/6-vins-du-Chateau-La-GONTRIE-2017-Bordeaux-Wines-France-300x194.jpg 300w, https:\/\/www.chateaulagontrie.net\/wp-content\/uploads\/2017\/10\/6-vins-du-Chateau-La-GONTRIE-2017-Bordeaux-Wines-France-768x497.jpg 768w, https:\/\/www.chateaulagontrie.net\/wp-content\/uploads\/2017\/10\/6-vins-du-Chateau-La-GONTRIE-2017-Bordeaux-Wines-France-100x65.jpg 100w\" sizes=\"(max-width: 604px) 100vw, 604px\" \/><\/center><h3 class=\"title-style1\">History<div class=\"title-block\"><\/div><\/h3>\n<p>Le Ch\u00e2teau La Gontrie was created in 1984 by Jean-Louis Rives (Propri\u00e9taire r\u00e9coltant) and his wife Nola, by planting vines on one side .<\/p>\n<p>This family property produces 6 differents wines, 5 in\u00a0 <a title=\"A.O.C.\" href=\"http:\/\/www.chateaulagontrie.net\/administrator\/fr\/vins\/appellation-premieres-cotes.html\"><em>Appellation d&#8217;origine contr\u00f4l\u00e9e and <\/em><\/a><em>one sparkling wine.<\/em><\/p>\n<ul>\n<li><strong>Bordeaux Blanc Sec :<\/strong> dry white<\/li>\n<li><strong>Bordeaux Ros\u00e9 :<\/strong> ros\u00e9<\/li>\n<li><strong>Cadillac C\u00f4tes de Bordeaux rouge<\/strong> : red wine<\/li>\n<li><strong>Premi\u00e8res C\u00f4tes de Bordeaux Moelleux<\/strong> : sweet wine<\/li>\n<li><strong>Bordeaux Clairet<\/strong> : light Bordeaux red wine<\/li>\n<li><strong>Sparkling wine :<\/strong> M\u00e9thode traditionnelle<\/li>\n<\/ul>\n","protected":false},"excerpt":{"rendered":"<p>Le Ch\u00e2teau La Gontrie was created in 1984 by Jean-Louis Rives (Propri\u00e9taire r\u00e9coltant) and his wife Nola, by planting vines on one side . This family property produces 6 differents wines, 5 in\u00a0 Appellation d&#8217;origine contr\u00f4l\u00e9e and one sparkling wine. Bordeaux Blanc Sec : dry white Bordeaux Ros\u00e9 : ros\u00e9 Cadillac C\u00f4tes de Bordeaux rouge<\/p>\n","protected":false},"author":1,"featured_media":0,"parent":0,"menu_order":6,"comment_status":"closed","ping_status":"closed","template":"page-templates\/template-full-width.php","meta":[],"_links":{"self":[{"href":"https:\/\/www.chateaulagontrie.net\/en\/wp-json\/wp\/v2\/pages\/595"}],"collection":[{"href":"https:\/\/www.chateaulagontrie.net\/en\/wp-json\/wp\/v2\/pages"}],"about":[{"href":"https:\/\/www.chateaulagontrie.net\/en\/wp-json\/wp\/v2\/types\/page"}],"author":[{"embeddable":true,"href":"https:\/\/www.chateaulagontrie.net\/en\/wp-json\/wp\/v2\/users\/1"}],"replies":[{"embeddable":true,"href":"https:\/\/www.chateaulagontrie.net\/en\/wp-json\/wp\/v2\/comments?post=595"}],"version-history":[{"count":8,"href":"https:\/\/www.chateaulagontrie.net\/en\/wp-json\/wp\/v2\/pages\/595\/revisions"}],"predecessor-version":[{"id":1346,"href":"https:\/\/www.chateaulagontrie.net\/en\/wp-json\/wp\/v2\/pages\/595\/revisions\/1346"}],"wp:attachment":[{"href":"https:\/\/www.chateaulagontrie.net\/en\/wp-json\/wp\/v2\/media?parent=595"}],"curies":[{"name":"wp","href":"https:\/\/api.w.org\/{rel}","templated":true}]}}