{"id":599,"date":"2016-11-03T15:51:15","date_gmt":"2016-11-03T14:51:15","guid":{"rendered":"http:\/\/www.chateaulagontrie.net\/?page_id=599&#038;lang=en"},"modified":"2016-11-03T15:51:15","modified_gmt":"2016-11-03T14:51:15","slug":"environnement","status":"publish","type":"page","link":"https:\/\/www.chateaulagontrie.net\/en\/wines\/environnement\/","title":{"rendered":"Environnement"},"content":{"rendered":"<h3 class=\"title-style1\">La Vigne<div class=\"title-block\"><\/div><\/h3>\n<p>Jean-Louis d\u00e8s le d\u00e9but pris le parti de s&#8217;engager dans une culture raisonn\u00e9e afin d&#8217;utiliser le moins possible de produits chimiques :<\/p>\n<ul>\n<li><strong>Fumure naturelle :<\/strong> toutes nos vignes ont re\u00e7u un \u00e9pandage de fumure naturelle, jamais d\u2019engrais.<\/li>\n<li><strong>Enherbement :<\/strong> nous laissons l&#8217;herbe s&#8217;installer entre les rangs de vigne afin que l&#8217;implantation d&#8217;un \u00e9cosyst\u00e8me durable puisse aider \u00e0 la prolif\u00e9ration des coccinelles, ces derni\u00e8res jouant un r\u00f4le essentiel. Elles \u00e9vitent la propagation de certains insectes nocifs \u00e0 la vigne.<\/li>\n<li><strong>Lutte raisonn\u00e9e :<\/strong> Jean-Louis ou Laurent le Ma\u00eetre de Chai ne font pas de traitement sur la vigne de fa\u00e7on syst\u00e9matiques. Une fois par semaine, ils circulent dans les vignes pour observer l&#8217;\u00e9tat des vignes, s\u2019ils ne rel\u00e8vent pas d&#8217;\u00e9l\u00e9ments d\u00e9favorables, ils ne traitent pas.<\/li>\n<\/ul>\n<p>Dans le cas ou un traitement est n\u00e9cessaire. Le Ch\u00e2teau La Gontrie est \u00e9quip\u00e9 d&#8217;un atomiseur b\u00e2ch\u00e9, ce dernier ne traite que le pied de vigne tout le surplus est r\u00e9cup\u00e9r\u00e9 par les b\u00e2ches et renvoy\u00e9 dans la cuve et non pas envoy\u00e9 dans l\u2019atmosph\u00e8re.<\/p>\n<p>&nbsp;<\/p>\n<p>&nbsp;<\/p>\n<p>&nbsp;<\/p>\n","protected":false},"excerpt":{"rendered":"<p>Jean-Louis d\u00e8s le d\u00e9but pris le parti de s&#8217;engager dans une culture raisonn\u00e9e afin d&#8217;utiliser le moins possible de produits chimiques : Fumure naturelle : toutes nos vignes ont re\u00e7u un \u00e9pandage de fumure naturelle, jamais d\u2019engrais. Enherbement : nous laissons l&#8217;herbe s&#8217;installer entre les rangs de vigne afin que l&#8217;implantation d&#8217;un \u00e9cosyst\u00e8me durable puisse<\/p>\n","protected":false},"author":1,"featured_media":0,"parent":595,"menu_order":2,"comment_status":"closed","ping_status":"closed","template":"page-templates\/template-full-width.php","meta":[],"_links":{"self":[{"href":"https:\/\/www.chateaulagontrie.net\/en\/wp-json\/wp\/v2\/pages\/599"}],"collection":[{"href":"https:\/\/www.chateaulagontrie.net\/en\/wp-json\/wp\/v2\/pages"}],"about":[{"href":"https:\/\/www.chateaulagontrie.net\/en\/wp-json\/wp\/v2\/types\/page"}],"author":[{"embeddable":true,"href":"https:\/\/www.chateaulagontrie.net\/en\/wp-json\/wp\/v2\/users\/1"}],"replies":[{"embeddable":true,"href":"https:\/\/www.chateaulagontrie.net\/en\/wp-json\/wp\/v2\/comments?post=599"}],"version-history":[{"count":1,"href":"https:\/\/www.chateaulagontrie.net\/en\/wp-json\/wp\/v2\/pages\/599\/revisions"}],"predecessor-version":[{"id":600,"href":"https:\/\/www.chateaulagontrie.net\/en\/wp-json\/wp\/v2\/pages\/599\/revisions\/600"}],"up":[{"embeddable":true,"href":"https:\/\/www.chateaulagontrie.net\/en\/wp-json\/wp\/v2\/pages\/595"}],"wp:attachment":[{"href":"https:\/\/www.chateaulagontrie.net\/en\/wp-json\/wp\/v2\/media?parent=599"}],"curies":[{"name":"wp","href":"https:\/\/api.w.org\/{rel}","templated":true}]}}