{"id":603,"date":"2016-11-03T15:51:43","date_gmt":"2016-11-03T14:51:43","guid":{"rendered":"http:\/\/www.chateaulagontrie.net\/?page_id=603&#038;lang=en"},"modified":"2016-12-22T09:01:07","modified_gmt":"2016-12-22T08:01:07","slug":"le-chateau","status":"publish","type":"page","link":"https:\/\/www.chateaulagontrie.net\/en\/wines\/le-chateau\/","title":{"rendered":"Le Ch\u00e2teau"},"content":{"rendered":"<p style=\"text-align: justify;\"><strong>Viticulteur :<\/strong> Jean Louis Rives<\/p>\n<p><strong>Situation g\u00e9ographique Sol :<\/strong> Le Ch\u00e2teau La Gontrie est situ\u00e9 \u00e0 17 km \u00e0 l\u2019Est de Bordeaux et \u00e0 2 km au Nord de la Garonne.<\/p>\n<h3 class=\"title-style1\">Sol<div class=\"title-block\"><\/div><\/h3>\n<p style=\"text-align: justify;\"><strong>Travail des Terres :<\/strong> Coteaux expos\u00e9s au Sud, sol de graves et argilo calacaire, sous-sol de calcaire.<\/p>\n<p><strong>C\u00e9pages\u00a0 : \u00a0<\/strong><\/p>\n<ul style=\"text-align: justify;\">\n<li>Rouge : 60% de Merlot, 40% de Cabernet Sauvignon,<\/li>\n<li>Blanc : 50% S\u00e9millon, 50% de Sauvignon\u00a0\u00a0\u00a0\u00a0\u00a0\u00a0\u00a0\u00a0\u00a0\u00a0\u00a0\u00a0\u00a0\u00a0\u00a0\u00a0\u00a0\u00a0\u00a0\u00a0\u00a0\u00a0\u00a0\u00a0\u00a0\u00a0\u00a0\u00a0\u00a0\u00a0\u00a0\u00a0\u00a0\u00a0\u00a0\u00a0\u00a0\u00a0\u00a0\u00a0\u00a0\u00a0\u00a0\u00a0\u00a0\u00a0\u00a0\u00a0\u00a0\u00a0\u00a0\u00a0\u00a0\u00a0\u00a0\u00a0\u00a0\u00a0\u00a0\u00a0\u00a0\u00a0\u00a0\u00a0\u00a0\u00a0\u00a0\u00a0\u00a0\u00a0\u00a0\u00a0\u00a0\u00a0\u00a0\u00a0\u00a0\u00a0\u00a0\u00a0\u00a0\u00a0\u00a0\u00a0\u00a0\u00a0\u00a0\u00a0\u00a0 &#8211;<\/li>\n<li>Clairet : 100% Merlot<\/li>\n<\/ul>\n<p style=\"text-align: justify;\"><strong>Age des Vignes Vendanges :<\/strong> 5 \u00e0 25 ans, moyenne : 20 ans.<\/p>\n<p><strong>Travail des Terres :<\/strong> pas d\u2019engrais, fumure organique, terre enherb\u00e9e entre les rangs.<\/p>\n<p><strong>Vendanges Oenologue :<\/strong> aimant les fruits murs, notre politique est de vendanger tardivement.<\/p>\n<p><strong>Vinification :<\/strong> 5 jours de mac\u00e9ration \u00e0 7\u00b0, fermentation \u00e0 28\u00b0 maximum, mac\u00e9ration de 3 \u00e0 4 semaines.<\/p>\n<p><strong>Oenologue Embouteillage :<\/strong> Laboratoire de Mr Sanchez \u00e0 Laroque 33410<\/p>\n<p><strong>Employes :<\/strong> 1 ouvrier<\/p>\n<p><strong>Embouteillage :<\/strong> 100% \u00e0 la propri\u00e9t\u00e9.<\/p>\n<p><strong>Nombre de cols :<\/strong> 63 300<\/p>\n<p><strong>Commercialisation export :<\/strong> 30% :<br \/>\nBelgique, Luxembourg, Danemark, Allemagne, Angleterre, Singapour, Japon et Australie<\/p>\n<p>&nbsp;<\/p>\n<p>&nbsp;<\/p>\n","protected":false},"excerpt":{"rendered":"<p>Viticulteur : Jean Louis Rives Situation g\u00e9ographique Sol : Le Ch\u00e2teau La Gontrie est situ\u00e9 \u00e0 17 km \u00e0 l\u2019Est de Bordeaux et \u00e0 2 km au Nord de la Garonne. Travail des Terres : Coteaux expos\u00e9s au Sud, sol de graves et argilo calacaire, sous-sol de calcaire. C\u00e9pages\u00a0 : \u00a0 Rouge : 60% de<\/p>\n","protected":false},"author":1,"featured_media":0,"parent":595,"menu_order":4,"comment_status":"closed","ping_status":"closed","template":"page-templates\/template-full-width.php","meta":[],"_links":{"self":[{"href":"https:\/\/www.chateaulagontrie.net\/en\/wp-json\/wp\/v2\/pages\/603"}],"collection":[{"href":"https:\/\/www.chateaulagontrie.net\/en\/wp-json\/wp\/v2\/pages"}],"about":[{"href":"https:\/\/www.chateaulagontrie.net\/en\/wp-json\/wp\/v2\/types\/page"}],"author":[{"embeddable":true,"href":"https:\/\/www.chateaulagontrie.net\/en\/wp-json\/wp\/v2\/users\/1"}],"replies":[{"embeddable":true,"href":"https:\/\/www.chateaulagontrie.net\/en\/wp-json\/wp\/v2\/comments?post=603"}],"version-history":[{"count":1,"href":"https:\/\/www.chateaulagontrie.net\/en\/wp-json\/wp\/v2\/pages\/603\/revisions"}],"predecessor-version":[{"id":604,"href":"https:\/\/www.chateaulagontrie.net\/en\/wp-json\/wp\/v2\/pages\/603\/revisions\/604"}],"up":[{"embeddable":true,"href":"https:\/\/www.chateaulagontrie.net\/en\/wp-json\/wp\/v2\/pages\/595"}],"wp:attachment":[{"href":"https:\/\/www.chateaulagontrie.net\/en\/wp-json\/wp\/v2\/media?parent=603"}],"curies":[{"name":"wp","href":"https:\/\/api.w.org\/{rel}","templated":true}]}}